{"id":2780,"date":"2024-04-17T16:56:21","date_gmt":"2024-04-17T14:56:21","guid":{"rendered":"https:\/\/basabi.eus\/?page_id=2780"},"modified":"2024-04-30T18:06:14","modified_gmt":"2024-04-30T16:06:14","slug":"producciones","status":"publish","type":"page","link":"https:\/\/basabi.eus\/en\/producciones\/","title":{"rendered":"PRODUCTIONS"},"content":{"rendered":"<div data-elementor-type=\"wp-page\" data-elementor-id=\"2780\" class=\"elementor elementor-2780\" data-elementor-post-type=\"page\">\n\t\t\t\t\t\t<section class=\"elementor-section elementor-top-section elementor-element elementor-element-bd6c9a3 elementor-section-stretched elementor-section-full_width headline transparent elementor-section-height-default elementor-section-height-default wpr-particle-no wpr-jarallax-no wpr-parallax-no wpr-sticky-section-no\" data-id=\"bd6c9a3\" data-element_type=\"section\" data-settings=\"{&quot;stretch_section&quot;:&quot;section-stretched&quot;,&quot;background_background&quot;:&quot;classic&quot;}\">\n\t\t\t\t\t\t\t<div class=\"elementor-background-overlay\"><\/div>\n\t\t\t\t\t\t\t<div class=\"elementor-container elementor-column-gap-default\">\n\t\t\t\t\t<div class=\"elementor-column elementor-col-100 elementor-top-column elementor-element elementor-element-e1abee9\" data-id=\"e1abee9\" data-element_type=\"column\">\n\t\t\t<div class=\"elementor-widget-wrap elementor-element-populated\">\n\t\t\t\t\t\t<div class=\"elementor-element elementor-element-3d06dcf animated-fast elementor-invisible elementor-widget elementor-widget-heading\" data-id=\"3d06dcf\" data-element_type=\"widget\" data-settings=\"{&quot;_animation&quot;:&quot;fadeInUp&quot;,&quot;_animation_delay&quot;:200}\" data-widget_type=\"heading.default\">\n\t\t\t\t<div class=\"elementor-widget-container\">\n\t\t\t\t\t<h1 class=\"elementor-heading-title elementor-size-default\">PRODUCTIONS<\/h1>\t\t\t\t<\/div>\n\t\t\t\t<\/div>\n\t\t\t\t\t<\/div>\n\t\t<\/div>\n\t\t\t\t\t<\/div>\n\t\t<\/section>\n\t\t<div class=\"elementor-element elementor-element-64f8c4c e-flex e-con-boxed wpr-particle-no wpr-jarallax-no wpr-parallax-no wpr-sticky-section-no e-con e-parent\" data-id=\"64f8c4c\" data-element_type=\"container\">\n\t\t\t\t\t<div class=\"e-con-inner\">\n\t\t<div class=\"elementor-element elementor-element-2eb7948 e-con-full e-flex wpr-particle-no wpr-jarallax-no wpr-parallax-no wpr-sticky-section-no e-con e-child\" data-id=\"2eb7948\" data-element_type=\"container\">\n\t\t\t\t<div class=\"elementor-element elementor-element-611b6cc e-transform elementor-widget elementor-widget-image\" data-id=\"611b6cc\" data-element_type=\"widget\" data-settings=\"{&quot;_transform_scale_effect_hover&quot;:{&quot;unit&quot;:&quot;px&quot;,&quot;size&quot;:1.05,&quot;sizes&quot;:[]},&quot;_transform_scale_effect_hover_tablet&quot;:{&quot;unit&quot;:&quot;px&quot;,&quot;size&quot;:&quot;&quot;,&quot;sizes&quot;:[]},&quot;_transform_scale_effect_hover_mobile&quot;:{&quot;unit&quot;:&quot;px&quot;,&quot;size&quot;:&quot;&quot;,&quot;sizes&quot;:[]}}\" data-widget_type=\"image.default\">\n\t\t\t\t<div class=\"elementor-widget-container\">\n\t\t\t\t\t\t\t\t\t\t\t\t\t\t\t\t<a href=\"https:\/\/basabi.eus\/en\/oma\/\">\n\t\t\t\t\t\t\t<img fetchpriority=\"high\" decoding=\"async\" width=\"1024\" height=\"917\" src=\"https:\/\/basabi.eus\/wp-content\/uploads\/2024\/04\/OMA_pb_CD_01-1024x917.jpg\" class=\"attachment-large size-large wp-image-2669\" alt=\"\" srcset=\"https:\/\/basabi.eus\/wp-content\/uploads\/2024\/04\/OMA_pb_CD_01-1024x917.jpg 1024w, https:\/\/basabi.eus\/wp-content\/uploads\/2024\/04\/OMA_pb_CD_01-300x269.jpg 300w, https:\/\/basabi.eus\/wp-content\/uploads\/2024\/04\/OMA_pb_CD_01-768x688.jpg 768w, https:\/\/basabi.eus\/wp-content\/uploads\/2024\/04\/OMA_pb_CD_01-1536x1376.jpg 1536w, https:\/\/basabi.eus\/wp-content\/uploads\/2024\/04\/OMA_pb_CD_01-440x394.jpg 440w, https:\/\/basabi.eus\/wp-content\/uploads\/2024\/04\/OMA_pb_CD_01.jpg 1648w\" sizes=\"(max-width: 1024px) 100vw, 1024px\" \/>\t\t\t\t\t\t\t\t<\/a>\n\t\t\t\t\t\t\t\t\t\t\t\t\t\t\t<\/div>\n\t\t\t\t<\/div>\n\t\t\t\t<\/div>\n\t\t<div class=\"elementor-element elementor-element-7bd11bb e-con-full e-flex wpr-particle-no wpr-jarallax-no wpr-parallax-no wpr-sticky-section-no e-con e-child\" data-id=\"7bd11bb\" data-element_type=\"container\">\n\t\t\t\t<div class=\"elementor-element elementor-element-12de3f6 e-transform e-transform elementor-widget elementor-widget-image\" data-id=\"12de3f6\" data-element_type=\"widget\" data-settings=\"{&quot;_transform_scale_effect_hover&quot;:{&quot;unit&quot;:&quot;px&quot;,&quot;size&quot;:1.05,&quot;sizes&quot;:[]},&quot;_transform_scale_effect&quot;:{&quot;unit&quot;:&quot;px&quot;,&quot;size&quot;:&quot;&quot;,&quot;sizes&quot;:[]},&quot;_transform_scale_effect_tablet&quot;:{&quot;unit&quot;:&quot;px&quot;,&quot;size&quot;:&quot;&quot;,&quot;sizes&quot;:[]},&quot;_transform_scale_effect_mobile&quot;:{&quot;unit&quot;:&quot;px&quot;,&quot;size&quot;:&quot;&quot;,&quot;sizes&quot;:[]},&quot;_transform_scale_effect_hover_tablet&quot;:{&quot;unit&quot;:&quot;px&quot;,&quot;size&quot;:&quot;&quot;,&quot;sizes&quot;:[]},&quot;_transform_scale_effect_hover_mobile&quot;:{&quot;unit&quot;:&quot;px&quot;,&quot;size&quot;:&quot;&quot;,&quot;sizes&quot;:[]}}\" data-widget_type=\"image.default\">\n\t\t\t\t<div class=\"elementor-widget-container\">\n\t\t\t\t\t\t\t\t\t\t\t\t\t\t\t\t<a href=\"https:\/\/basabi.eus\/en\/emeki\/\">\n\t\t\t\t\t\t\t<img decoding=\"async\" width=\"1024\" height=\"933\" src=\"https:\/\/basabi.eus\/wp-content\/uploads\/2024\/01\/scrnli_14_1_2024_19-11-08-1024x933.png\" class=\"attachment-large size-large wp-image-2162\" alt=\"\" srcset=\"https:\/\/basabi.eus\/wp-content\/uploads\/2024\/01\/scrnli_14_1_2024_19-11-08-1024x933.png 1024w, https:\/\/basabi.eus\/wp-content\/uploads\/2024\/01\/scrnli_14_1_2024_19-11-08-600x547.png 600w, https:\/\/basabi.eus\/wp-content\/uploads\/2024\/01\/scrnli_14_1_2024_19-11-08-300x273.png 300w, https:\/\/basabi.eus\/wp-content\/uploads\/2024\/01\/scrnli_14_1_2024_19-11-08-768x700.png 768w, https:\/\/basabi.eus\/wp-content\/uploads\/2024\/01\/scrnli_14_1_2024_19-11-08-440x401.png 440w, https:\/\/basabi.eus\/wp-content\/uploads\/2024\/01\/scrnli_14_1_2024_19-11-08.png 1144w\" sizes=\"(max-width: 1024px) 100vw, 1024px\" \/>\t\t\t\t\t\t\t\t<\/a>\n\t\t\t\t\t\t\t\t\t\t\t\t\t\t\t<\/div>\n\t\t\t\t<\/div>\n\t\t\t\t<\/div>\n\t\t\t\t\t<\/div>\n\t\t\t\t<\/div>\n\t\t<div class=\"elementor-element elementor-element-df8f1b4 e-flex e-con-boxed wpr-particle-no wpr-jarallax-no wpr-parallax-no wpr-sticky-section-no e-con e-parent\" data-id=\"df8f1b4\" data-element_type=\"container\">\n\t\t\t\t\t<div class=\"e-con-inner\">\n\t\t<div class=\"elementor-element elementor-element-1aab2b7 e-con-full e-flex wpr-particle-no wpr-jarallax-no wpr-parallax-no wpr-sticky-section-no e-con e-child\" data-id=\"1aab2b7\" data-element_type=\"container\">\n\t\t\t\t<div class=\"elementor-element elementor-element-bf3c767 e-transform elementor-widget elementor-widget-image\" data-id=\"bf3c767\" data-element_type=\"widget\" data-settings=\"{&quot;_transform_scale_effect_hover&quot;:{&quot;unit&quot;:&quot;px&quot;,&quot;size&quot;:1.05,&quot;sizes&quot;:[]},&quot;_transform_scale_effect_hover_tablet&quot;:{&quot;unit&quot;:&quot;px&quot;,&quot;size&quot;:&quot;&quot;,&quot;sizes&quot;:[]},&quot;_transform_scale_effect_hover_mobile&quot;:{&quot;unit&quot;:&quot;px&quot;,&quot;size&quot;:&quot;&quot;,&quot;sizes&quot;:[]}}\" data-widget_type=\"image.default\">\n\t\t\t\t<div class=\"elementor-widget-container\">\n\t\t\t\t\t\t\t\t\t\t\t\t\t\t\t\t<a href=\"https:\/\/basabi.eus\/en\/kronos\/\">\n\t\t\t\t\t\t\t<img decoding=\"async\" width=\"800\" height=\"731\" src=\"https:\/\/basabi.eus\/wp-content\/uploads\/2024\/01\/kronos_cd.jpg\" class=\"attachment-full size-full wp-image-2163\" alt=\"\" srcset=\"https:\/\/basabi.eus\/wp-content\/uploads\/2024\/01\/kronos_cd.jpg 800w, https:\/\/basabi.eus\/wp-content\/uploads\/2024\/01\/kronos_cd-600x548.jpg 600w, https:\/\/basabi.eus\/wp-content\/uploads\/2024\/01\/kronos_cd-300x274.jpg 300w, https:\/\/basabi.eus\/wp-content\/uploads\/2024\/01\/kronos_cd-768x702.jpg 768w, https:\/\/basabi.eus\/wp-content\/uploads\/2024\/01\/kronos_cd-440x402.jpg 440w\" sizes=\"(max-width: 800px) 100vw, 800px\" \/>\t\t\t\t\t\t\t\t<\/a>\n\t\t\t\t\t\t\t\t\t\t\t\t\t\t\t<\/div>\n\t\t\t\t<\/div>\n\t\t\t\t<\/div>\n\t\t<div class=\"elementor-element elementor-element-cdb11da e-con-full e-flex wpr-particle-no wpr-jarallax-no wpr-parallax-no wpr-sticky-section-no e-con e-child\" data-id=\"cdb11da\" data-element_type=\"container\">\n\t\t\t\t<div class=\"elementor-element elementor-element-206bd54 e-transform elementor-widget elementor-widget-image\" data-id=\"206bd54\" data-element_type=\"widget\" data-settings=\"{&quot;_transform_scale_effect_hover&quot;:{&quot;unit&quot;:&quot;px&quot;,&quot;size&quot;:1.05,&quot;sizes&quot;:[]},&quot;_transform_scale_effect_hover_tablet&quot;:{&quot;unit&quot;:&quot;px&quot;,&quot;size&quot;:&quot;&quot;,&quot;sizes&quot;:[]},&quot;_transform_scale_effect_hover_mobile&quot;:{&quot;unit&quot;:&quot;px&quot;,&quot;size&quot;:&quot;&quot;,&quot;sizes&quot;:[]}}\" data-widget_type=\"image.default\">\n\t\t\t\t<div class=\"elementor-widget-container\">\n\t\t\t\t\t\t\t\t\t\t\t\t\t\t\t\t<a href=\"https:\/\/basabi.eus\/en\/bakun\/\">\n\t\t\t\t\t\t\t<img decoding=\"async\" src=\"https:\/\/basabi.eus\/wp-content\/uploads\/elementor\/thumbs\/bakun-r2r3rt7x4phnfpl7tusrck18agvjpcsdxw2ebeebfs.jpg\" title=\"bakun\" alt=\"bakun\" loading=\"lazy\" \/>\t\t\t\t\t\t\t\t<\/a>\n\t\t\t\t\t\t\t\t\t\t\t\t\t\t\t<\/div>\n\t\t\t\t<\/div>\n\t\t\t\t<\/div>\n\t\t\t\t\t<\/div>\n\t\t\t\t<\/div>\n\t\t\t\t<\/div>","protected":false},"excerpt":{"rendered":"<p>PRODUCTIONS<\/p>","protected":false},"author":1,"featured_media":0,"parent":0,"menu_order":0,"comment_status":"closed","ping_status":"closed","template":"elementor_header_footer","meta":{"footnotes":""},"class_list":["post-2780","page","type-page","status-publish","hentry"],"yoast_head":"<!-- This site is optimized with the Yoast SEO plugin v25.9 - https:\/\/yoast.com\/wordpress\/plugins\/seo\/ -->\n<title>Producciones | Basabi<\/title>\n<meta name=\"description\" content=\"El sonido de la txalaparta transforma la sonoridad de los instrumentos de cuerda en una disciplina m\u00e1s viva y org\u00e1nica creando espect\u00e1culos\" \/>\n<meta name=\"robots\" content=\"index, follow, max-snippet:-1, max-image-preview:large, max-video-preview:-1\" \/>\n<link rel=\"canonical\" href=\"https:\/\/basabi.eus\/en\/producciones\/\" \/>\n<meta property=\"og:locale\" content=\"en_US\" \/>\n<meta property=\"og:type\" content=\"article\" \/>\n<meta property=\"og:title\" content=\"Producciones | Basabi\" \/>\n<meta property=\"og:description\" content=\"El sonido de la txalaparta transforma la sonoridad de los instrumentos de cuerda en una disciplina m\u00e1s viva y org\u00e1nica creando espect\u00e1culos\" \/>\n<meta property=\"og:url\" content=\"https:\/\/basabi.eus\/en\/producciones\/\" \/>\n<meta property=\"og:site_name\" content=\"Basabi\" \/>\n<meta property=\"article:modified_time\" content=\"2024-04-30T16:06:14+00:00\" \/>\n<meta property=\"og:image\" content=\"https:\/\/basabi.eus\/wp-content\/uploads\/2024\/04\/OMA_pb_CD_01-1024x917.jpg\" \/>\n<meta name=\"twitter:card\" content=\"summary_large_image\" \/>\n<meta name=\"twitter:label1\" content=\"Est. reading time\" \/>\n\t<meta name=\"twitter:data1\" content=\"1 minute\" \/>\n<script type=\"application\/ld+json\" class=\"yoast-schema-graph\">{\"@context\":\"https:\/\/schema.org\",\"@graph\":[{\"@type\":\"WebPage\",\"@id\":\"https:\/\/basabi.eus\/producciones\/\",\"url\":\"https:\/\/basabi.eus\/producciones\/\",\"name\":\"Producciones | Basabi\",\"isPartOf\":{\"@id\":\"https:\/\/basabi.eus\/#website\"},\"primaryImageOfPage\":{\"@id\":\"https:\/\/basabi.eus\/producciones\/#primaryimage\"},\"image\":{\"@id\":\"https:\/\/basabi.eus\/producciones\/#primaryimage\"},\"thumbnailUrl\":\"https:\/\/basabi.eus\/wp-content\/uploads\/2024\/04\/OMA_pb_CD_01-1024x917.jpg\",\"datePublished\":\"2024-04-17T14:56:21+00:00\",\"dateModified\":\"2024-04-30T16:06:14+00:00\",\"description\":\"El sonido de la txalaparta transforma la sonoridad de los instrumentos de cuerda en una disciplina m\u00e1s viva y org\u00e1nica creando espect\u00e1culos\",\"breadcrumb\":{\"@id\":\"https:\/\/basabi.eus\/producciones\/#breadcrumb\"},\"inLanguage\":\"en-US\",\"potentialAction\":[{\"@type\":\"ReadAction\",\"target\":[\"https:\/\/basabi.eus\/producciones\/\"]}]},{\"@type\":\"ImageObject\",\"inLanguage\":\"en-US\",\"@id\":\"https:\/\/basabi.eus\/producciones\/#primaryimage\",\"url\":\"https:\/\/basabi.eus\/wp-content\/uploads\/2024\/04\/OMA_pb_CD_01-1024x917.jpg\",\"contentUrl\":\"https:\/\/basabi.eus\/wp-content\/uploads\/2024\/04\/OMA_pb_CD_01-1024x917.jpg\"},{\"@type\":\"BreadcrumbList\",\"@id\":\"https:\/\/basabi.eus\/producciones\/#breadcrumb\",\"itemListElement\":[{\"@type\":\"ListItem\",\"position\":1,\"name\":\"Portada\",\"item\":\"https:\/\/basabi.eus\/\"},{\"@type\":\"ListItem\",\"position\":2,\"name\":\"Producciones\"}]},{\"@type\":\"WebSite\",\"@id\":\"https:\/\/basabi.eus\/#website\",\"url\":\"https:\/\/basabi.eus\/\",\"name\":\"Basabi\",\"description\":\"Grupo de M\u00fasica Cl\u00e1sica y Txalaparta\",\"potentialAction\":[{\"@type\":\"SearchAction\",\"target\":{\"@type\":\"EntryPoint\",\"urlTemplate\":\"https:\/\/basabi.eus\/?s={search_term_string}\"},\"query-input\":{\"@type\":\"PropertyValueSpecification\",\"valueRequired\":true,\"valueName\":\"search_term_string\"}}],\"inLanguage\":\"en-US\"}]}<\/script>\n<!-- \/ Yoast SEO plugin. -->","yoast_head_json":{"title":"Producciones | Basabi","description":"El sonido de la txalaparta transforma la sonoridad de los instrumentos de cuerda en una disciplina m\u00e1s viva y org\u00e1nica creando espect\u00e1culos","robots":{"index":"index","follow":"follow","max-snippet":"max-snippet:-1","max-image-preview":"max-image-preview:large","max-video-preview":"max-video-preview:-1"},"canonical":"https:\/\/basabi.eus\/en\/producciones\/","og_locale":"en_US","og_type":"article","og_title":"Producciones | Basabi","og_description":"El sonido de la txalaparta transforma la sonoridad de los instrumentos de cuerda en una disciplina m\u00e1s viva y org\u00e1nica creando espect\u00e1culos","og_url":"https:\/\/basabi.eus\/en\/producciones\/","og_site_name":"Basabi","article_modified_time":"2024-04-30T16:06:14+00:00","og_image":[{"url":"https:\/\/basabi.eus\/wp-content\/uploads\/2024\/04\/OMA_pb_CD_01-1024x917.jpg","type":"","width":"","height":""}],"twitter_card":"summary_large_image","twitter_misc":{"Est. reading time":"1 minute"},"schema":{"@context":"https:\/\/schema.org","@graph":[{"@type":"WebPage","@id":"https:\/\/basabi.eus\/producciones\/","url":"https:\/\/basabi.eus\/producciones\/","name":"Producciones | Basabi","isPartOf":{"@id":"https:\/\/basabi.eus\/#website"},"primaryImageOfPage":{"@id":"https:\/\/basabi.eus\/producciones\/#primaryimage"},"image":{"@id":"https:\/\/basabi.eus\/producciones\/#primaryimage"},"thumbnailUrl":"https:\/\/basabi.eus\/wp-content\/uploads\/2024\/04\/OMA_pb_CD_01-1024x917.jpg","datePublished":"2024-04-17T14:56:21+00:00","dateModified":"2024-04-30T16:06:14+00:00","description":"El sonido de la txalaparta transforma la sonoridad de los instrumentos de cuerda en una disciplina m\u00e1s viva y org\u00e1nica creando espect\u00e1culos","breadcrumb":{"@id":"https:\/\/basabi.eus\/producciones\/#breadcrumb"},"inLanguage":"en-US","potentialAction":[{"@type":"ReadAction","target":["https:\/\/basabi.eus\/producciones\/"]}]},{"@type":"ImageObject","inLanguage":"en-US","@id":"https:\/\/basabi.eus\/producciones\/#primaryimage","url":"https:\/\/basabi.eus\/wp-content\/uploads\/2024\/04\/OMA_pb_CD_01-1024x917.jpg","contentUrl":"https:\/\/basabi.eus\/wp-content\/uploads\/2024\/04\/OMA_pb_CD_01-1024x917.jpg"},{"@type":"BreadcrumbList","@id":"https:\/\/basabi.eus\/producciones\/#breadcrumb","itemListElement":[{"@type":"ListItem","position":1,"name":"Portada","item":"https:\/\/basabi.eus\/"},{"@type":"ListItem","position":2,"name":"Producciones"}]},{"@type":"WebSite","@id":"https:\/\/basabi.eus\/#website","url":"https:\/\/basabi.eus\/","name":"Basabi","description":"Grupo de M\u00fasica Cl\u00e1sica y Txalaparta","potentialAction":[{"@type":"SearchAction","target":{"@type":"EntryPoint","urlTemplate":"https:\/\/basabi.eus\/?s={search_term_string}"},"query-input":{"@type":"PropertyValueSpecification","valueRequired":true,"valueName":"search_term_string"}}],"inLanguage":"en-US"}]}},"_links":{"self":[{"href":"https:\/\/basabi.eus\/en\/wp-json\/wp\/v2\/pages\/2780","targetHints":{"allow":["GET"]}}],"collection":[{"href":"https:\/\/basabi.eus\/en\/wp-json\/wp\/v2\/pages"}],"about":[{"href":"https:\/\/basabi.eus\/en\/wp-json\/wp\/v2\/types\/page"}],"author":[{"embeddable":true,"href":"https:\/\/basabi.eus\/en\/wp-json\/wp\/v2\/users\/1"}],"replies":[{"embeddable":true,"href":"https:\/\/basabi.eus\/en\/wp-json\/wp\/v2\/comments?post=2780"}],"version-history":[{"count":25,"href":"https:\/\/basabi.eus\/en\/wp-json\/wp\/v2\/pages\/2780\/revisions"}],"predecessor-version":[{"id":3157,"href":"https:\/\/basabi.eus\/en\/wp-json\/wp\/v2\/pages\/2780\/revisions\/3157"}],"wp:attachment":[{"href":"https:\/\/basabi.eus\/en\/wp-json\/wp\/v2\/media?parent=2780"}],"curies":[{"name":"wp","href":"https:\/\/api.w.org\/{rel}","templated":true}]}}